{"id":411,"date":"2021-12-20T14:42:00","date_gmt":"2021-12-20T13:42:00","guid":{"rendered":"https:\/\/support.weissenfels.com\/kundendienst\/"},"modified":"2023-11-02T08:37:24","modified_gmt":"2023-11-02T07:37:24","slug":"kundendienst","status":"publish","type":"page","link":"https:\/\/support.weissenfels.com\/de\/","title":{"rendered":"Meine Tickets"},"content":{"rendered":"\n<p>Willkommen in unserem Kunden Service- und Support Center.\nWenn Sie sich registriert \/ eingelogged haben, k\u00f6nnen Sie hier ein Ticket zu Ihrer Anfrage erstellen. Unser Support Team wird sich ausschlie\u00dflich unter der Ticketnummer und \u00fcber diese Plattform bei Ihnen melden. Wir sind bestrebt, alle Anfragen schnell, zufriedenstellend und im Sinne unserer Kunden zu bearbeiten.<\/p>\n\n\n\n<div class=\"wpas wpas-login-register\">\n\t\n\t<form class=\"wpas-form\" id=\"wpas_form_login\" method=\"post\" role=\"form\" action=\"https:\/\/support.weissenfels.com\/de\/\">\n\t\t<h3>Anmelden<\/h3>\n\n\t\t<div class=\"wpas-form-group\" id=\"wpas_log_wrapper\"><label for='wpas_log'>E-Mail oder Nutzername<\/label><input type=\"text\" value=\"\" id='wpas_log' class='wpas-form-control' name='wpas_log' placeholder='E-Mail oder Nutzername' required spellcheck='false'><\/div><input type=\"hidden\" name=\"ticket_id\" value=\"411\" \/><div class=\"wpas-form-group\" id=\"wpas_pwd_wrapper\"><label for='wpas_pwd'>Passwort<\/label><input type=\"password\" value=\"\" autocomplete=\"off\" id='wpas_pwd' class='wpas-form-control' name='wpas_pwd' placeholder='Passwort' required spellcheck='false'><\/div><input type=\"hidden\" name=\"ticket_id\" value=\"411\" \/><div class=\"wpas-form-group\" id=\"wpas_rememberme_wrapper\"><div class='wpas-checkbox'><label><input type='checkbox' name='wpas_rememberme[]' value='1' > Meine Einstellungen speichern<\/label><\/div><\/div><input type=\"hidden\" name=\"ticket_id\" value=\"411\" \/><input type=\"hidden\" name=\"wpas-do\" value=\"login\"><input type=\"hidden\" id=\"wpas-do-nonce-login\" name=\"wpas-do-nonce\" value=\"0c8c9c8302\" \/><input type=\"hidden\" name=\"_wp_http_referer\" value=\"\/de\/wp-json\/wp\/v2\/pages\/411\" \/><input type=\"hidden\" name=\"redirect_to\" value=\"https:\/\/support.weissenfels.com\/de\/\"><button type=\"submit\" class=\"wpas-btn wpas-btn-default\" name=\"submit\" value=\"\" data-onsubmit='Einloggen beginnt...'>Anmelden<\/button><a href=\"https:\/\/support.weissenfels.com\/wp-login.php?action=lostpassword&#038;redirect_to=https%3A%2F%2Fsupport.weissenfels.com%2Fmy-tickets%2F\" class=\"wpas-forgot-password-link\">Passwort vergessen?<\/a>\t<\/form>\n\n\t\n\t\t<form class=\"wpas-form\" id=\"wpas_form_registration\" method=\"post\" action=\"https:\/\/support.weissenfels.com\/de\/\">\n\t\t\t<h3>Registrieren<\/h3>\n\n\t\t\t<div class=\"wpas-form-group\" id=\"wpas_first_name_wrapper\"><label for='wpas_first_name'>Vorname<\/label><input type=\"text\" value=\"\" id='wpas_first_name' class='wpas-form-control' name='wpas_first_name' placeholder='Vorname' required><\/div><input type=\"hidden\" name=\"ticket_id\" value=\"411\" \/><div class=\"wpas-form-group\" id=\"wpas_last_name_wrapper\"><label for='wpas_last_name'>Nachname<\/label><input type=\"text\" value=\"\" id='wpas_last_name' class='wpas-form-control' name='wpas_last_name' placeholder='Nachname' required><\/div><input type=\"hidden\" name=\"ticket_id\" value=\"411\" \/><div class=\"wpas-form-group\" id=\"wpas_email_wrapper\"><label for='wpas_email'>Email<\/label><input type=\"email\" value=\"\" id='wpas_email' class='wpas-form-control' name='wpas_email' placeholder='Email' required spellcheck='false'><\/div><input type=\"hidden\" name=\"ticket_id\" value=\"411\" \/><div class=\"wpas-form-group\" id=\"wpas_password_wrapper\"><label for='wpas_password'>Gib ein Passwort ein<\/label><input type=\"password\" value=\"\" autocomplete=\"off\" id='wpas_password' class='wpas-form-control' name='wpas_password' placeholder='Passwort' required spellcheck='false'><\/div><input type=\"hidden\" name=\"ticket_id\" value=\"411\" \/><div class=\"wpas-form-group\" id=\"wpas_pwdshow_wrapper\"><div class='wpas-checkbox'><label><input type='checkbox' name='wpas_pwdshow[]' value='1' > Passwort anzeigen<\/label><\/div><\/div><input type=\"hidden\" name=\"ticket_id\" value=\"411\" \/><input type=\"hidden\" name=\"wpas-do\" value=\"register\"><input type=\"hidden\" id=\"wpas-do-nonce-register\" name=\"wpas-do-nonce\" value=\"0c8c9c8302\" \/><input type=\"hidden\" name=\"_wp_http_referer\" value=\"\/de\/wp-json\/wp\/v2\/pages\/411\" \/><input type=\"hidden\" name=\"redirect_to\" value=\"https:\/\/support.weissenfels.com\/de\/\"><input type=\"hidden\" id=\"user_registration\" name=\"user_registration\" value=\"895a7f8134\" \/><button type=\"submit\" class=\"wpas-btn wpas-btn-default\" name=\"submit\" value=\"\" data-onsubmit='Erstelle Account...'>Konto erstellen<\/button>\t\t<\/form>\n\t<\/div>\n\n\n\n\n<p><\/p>\n","protected":false},"excerpt":{"rendered":"<p>Willkommen in unserem Kunden Service- und Support Center. Wenn Sie sich registriert \/ eingelogged haben, k\u00f6nnen Sie hier ein Ticket zu Ihrer Anfrage erstellen. Unser Support Team wird sich ausschlie\u00dflich unter der Ticketnummer und \u00fcber diese Plattform bei Ihnen melden. Wir sind bestrebt, alle Anfragen schnell, zufriedenstellend und im Sinne unserer Kunden zu bearbeiten.<\/p>\n","protected":false},"author":1,"featured_media":0,"parent":0,"menu_order":0,"comment_status":"closed","ping_status":"closed","template":"","meta":[],"acf":[],"_links":{"self":[{"href":"https:\/\/support.weissenfels.com\/de\/wp-json\/wp\/v2\/pages\/411"}],"collection":[{"href":"https:\/\/support.weissenfels.com\/de\/wp-json\/wp\/v2\/pages"}],"about":[{"href":"https:\/\/support.weissenfels.com\/de\/wp-json\/wp\/v2\/types\/page"}],"author":[{"embeddable":true,"href":"https:\/\/support.weissenfels.com\/de\/wp-json\/wp\/v2\/users\/1"}],"replies":[{"embeddable":true,"href":"https:\/\/support.weissenfels.com\/de\/wp-json\/wp\/v2\/comments?post=411"}],"version-history":[{"count":3,"href":"https:\/\/support.weissenfels.com\/de\/wp-json\/wp\/v2\/pages\/411\/revisions"}],"predecessor-version":[{"id":3512,"href":"https:\/\/support.weissenfels.com\/de\/wp-json\/wp\/v2\/pages\/411\/revisions\/3512"}],"wp:attachment":[{"href":"https:\/\/support.weissenfels.com\/de\/wp-json\/wp\/v2\/media?parent=411"}],"curies":[{"name":"wp","href":"https:\/\/api.w.org\/{rel}","templated":true}]}}