{"id":413,"date":"2021-12-20T14:47:57","date_gmt":"2021-12-20T13:47:57","guid":{"rendered":"https:\/\/support.weissenfels.com\/neues-ticket\/"},"modified":"2022-12-12T10:04:51","modified_gmt":"2022-12-12T09:04:51","slug":"neues-ticket","status":"publish","type":"page","link":"https:\/\/support.weissenfels.com\/de\/neues-ticket\/","title":{"rendered":"Neues Ticket"},"content":{"rendered":"\n<p><mark style=\"background-color:rgba(0, 0, 0, 0)\" class=\"has-inline-color has-dark-gray-color\">Um Ihre Anfrage schnell und korrekt beantworten zu k\u00f6nnen, w\u00e4hlen Sie bitte zun\u00e4chst aus den folgenden Kategorien:<\/mark><\/p>\n\n\n\n<div class=\"is-layout-flex wp-container-7 wp-block-columns\">\n<div class=\"is-layout-flow wp-block-column\">\n<div class=\"is-layout-flex wp-block-buttons\">\n<div class=\"wp-block-button has-custom-width wp-block-button__width-100 has-custom-font-size has-small-font-size\"><a class=\"wp-block-button__link has-medium-gray-color has-light-gray-background-color has-text-color has-background wp-element-button\" href=\"https:\/\/support.weissenfels.com\/de\/technischer-support\/\" style=\"border-radius:2px\"> <strong>TECHNISCHER SUPPORT <\/strong><br><br>Sie haben Fragen zu Ihrer Schneekette, der richtigen Passform oder Gr\u00d6SSe? <\/a><\/div>\n<\/div>\n<\/div>\n\n\n\n<div class=\"is-layout-flow wp-block-column\">\n<div class=\"is-layout-flex wp-block-buttons\">\n<div class=\"wp-block-button has-custom-font-size is-style-fill has-small-font-size\"><a class=\"wp-block-button__link has-medium-gray-color has-light-gray-background-color has-text-color has-background wp-element-button\" href=\"https:\/\/support.weissenfels.com\/de\/reklamationen\/\" style=\"border-radius:2px\" rel=\"\/complaints\"> <strong><strong>REKLAMATIONEN<\/strong><\/strong><br><br>Das Produkt entspricht nicht den Vorstellungen <br>oder wurde falsch geliefert <\/a><\/div>\n<\/div>\n<\/div>\n\n\n\n<div class=\"is-layout-flow wp-block-column\">\n<div class=\"is-layout-flex wp-block-buttons\">\n<div class=\"wp-block-button has-custom-font-size has-small-font-size\"><a class=\"wp-block-button__link has-medium-gray-color has-light-gray-background-color has-text-color has-background wp-element-button\" href=\"https:\/\/support.weissenfels.com\/de\/sales-support\/\" style=\"border-radius:2px\"> <strong>SALES SUPPORT<\/strong><br><br>Sie suchen eine Kette f\u00dcr ein bestimmtes Fahrzeug oder ben\u00d6tigen Informationen? <\/a><\/div>\n<\/div>\n<\/div>\n<\/div>\n","protected":false},"excerpt":{"rendered":"<p>Um Ihre Anfrage schnell und korrekt beantworten zu k\u00f6nnen, w\u00e4hlen Sie bitte zun\u00e4chst aus den folgenden Kategorien:<\/p>\n","protected":false},"author":1,"featured_media":0,"parent":0,"menu_order":0,"comment_status":"closed","ping_status":"closed","template":"","meta":[],"acf":[],"_links":{"self":[{"href":"https:\/\/support.weissenfels.com\/de\/wp-json\/wp\/v2\/pages\/413"}],"collection":[{"href":"https:\/\/support.weissenfels.com\/de\/wp-json\/wp\/v2\/pages"}],"about":[{"href":"https:\/\/support.weissenfels.com\/de\/wp-json\/wp\/v2\/types\/page"}],"author":[{"embeddable":true,"href":"https:\/\/support.weissenfels.com\/de\/wp-json\/wp\/v2\/users\/1"}],"replies":[{"embeddable":true,"href":"https:\/\/support.weissenfels.com\/de\/wp-json\/wp\/v2\/comments?post=413"}],"version-history":[{"count":4,"href":"https:\/\/support.weissenfels.com\/de\/wp-json\/wp\/v2\/pages\/413\/revisions"}],"predecessor-version":[{"id":1159,"href":"https:\/\/support.weissenfels.com\/de\/wp-json\/wp\/v2\/pages\/413\/revisions\/1159"}],"wp:attachment":[{"href":"https:\/\/support.weissenfels.com\/de\/wp-json\/wp\/v2\/media?parent=413"}],"curies":[{"name":"wp","href":"https:\/\/api.w.org\/{rel}","templated":true}]}}